{"id":3183,"date":"2021-11-16T01:59:23","date_gmt":"2021-11-16T01:59:23","guid":{"rendered":"https:\/\/jlwheels-manufacturer.com\/?page_id=3183"},"modified":"2021-11-16T01:59:23","modified_gmt":"2021-11-16T01:59:23","slug":"returpolitik","status":"publish","type":"page","link":"https:\/\/jlwheels-manufacturer.com\/da\/returpolitik\/","title":{"rendered":"Returpolitik"},"content":{"rendered":"<p>Vi har 30 dages returret, hvilket betyder, at du har 30 dage efter modtagelsen af din vare til at anmode om returnering.<\/p>\n<p>For at v\u00e6re berettiget til at returnere skal din vare v\u00e6re i samme stand, som du modtog den, ubrugt eller ubrugt, med m\u00e6rker og i den originale emballage. Du skal ogs\u00e5 bruge kvittering eller k\u00f8bsbevis.<\/p>\n<p>For at starte en returnering kan du kontakte os p\u00e5 sales@jlwheels-manufacturer.com . Hvis din returnering accepteres, sender vi dig en returforsendelseslabel samt instruktioner om, hvordan og hvor du skal sende din pakke. Varer, der sendes tilbage til os uden f\u00f8rst at anmode om returnering, vil ikke blive accepteret.<\/p>\n<p>Canager betaler returforsendelsesgebyret, og efter modtagelse af den returnerede vare foretager vi tilbagebetalingen inden for 2-7 arbejdsdage.<\/p>\n<p>Du kan altid kontakte os, hvis du har sp\u00f8rgsm\u00e5l om returnering, p\u00e5 sales@jlwheels-manufacturer.com.<\/p>\n<p>Skader og problemer<br \/>\nUnders\u00f8g venligst din ordre ved modtagelsen, og kontakt os straks, hvis varen er defekt, beskadiget, eller hvis du modtager den forkerte vare, s\u00e5 vi kan vurdere problemet og rette op p\u00e5 det.<\/p>\n<p>Undtagelser\/ikke-returnerbare varer<br \/>\nVisse typer varer kan ikke returneres, f.eks. letford\u00e6rvelige varer (s\u00e5som mad, blomster eller planter), specialfremstillede produkter (s\u00e5som specialbestillinger eller personlige varer) og varer til personlig pleje (s\u00e5som sk\u00f8nhedsprodukter). Vi accepterer heller ikke returnering af farlige materialer, brandfarlige v\u00e6sker eller gasser. Kontakt os, hvis du har sp\u00f8rgsm\u00e5l eller bekymringer om din specifikke vare.<\/p>\n<p>Vi kan desv\u00e6rre ikke tage udsalgsvarer eller gavekort retur.<\/p>\n<p>Udvekslinger<br \/>\nDen hurtigste m\u00e5de at sikre, at du f\u00e5r, hvad du vil have, er at returnere den vare, du har, og n\u00e5r returneringen er accepteret, skal du foretage et separat k\u00f8b af den nye vare.<\/p>\n<p>Tilbagebetaling<br \/>\nVi giver dig besked, n\u00e5r vi har modtaget og kontrolleret din returnering, og fort\u00e6ller dig, om refusionen er godkendt eller ej. Hvis den er godkendt, f\u00e5r du automatisk pengene tilbage p\u00e5 din oprindelige betalingsmetode. Husk, at det kan tage lidt tid for din bank eller dit kreditkortselskab at behandle og bogf\u00f8re tilbagebetalingen.<\/p>","protected":false},"excerpt":{"rendered":"<p>We have a 30-day return policy, which means you have 30 days after receiving your item to request a return. To be eligible for a return, your item must be in the same condition that you received it, unworn or unused, with tags, and in its original packaging. You\u2019ll also need the receipt or proof [&hellip;]<\/p>","protected":false},"author":1,"featured_media":0,"parent":0,"menu_order":0,"comment_status":"closed","ping_status":"closed","template":"","meta":{"om_disable_all_campaigns":false,"footnotes":""},"class_list":["post-3183","page","type-page","status-publish","hentry"],"_links":{"self":[{"href":"https:\/\/jlwheels-manufacturer.com\/da\/wp-json\/wp\/v2\/pages\/3183","targetHints":{"allow":["GET"]}}],"collection":[{"href":"https:\/\/jlwheels-manufacturer.com\/da\/wp-json\/wp\/v2\/pages"}],"about":[{"href":"https:\/\/jlwheels-manufacturer.com\/da\/wp-json\/wp\/v2\/types\/page"}],"author":[{"embeddable":true,"href":"https:\/\/jlwheels-manufacturer.com\/da\/wp-json\/wp\/v2\/users\/1"}],"replies":[{"embeddable":true,"href":"https:\/\/jlwheels-manufacturer.com\/da\/wp-json\/wp\/v2\/comments?post=3183"}],"version-history":[{"count":1,"href":"https:\/\/jlwheels-manufacturer.com\/da\/wp-json\/wp\/v2\/pages\/3183\/revisions"}],"predecessor-version":[{"id":3184,"href":"https:\/\/jlwheels-manufacturer.com\/da\/wp-json\/wp\/v2\/pages\/3183\/revisions\/3184"}],"wp:attachment":[{"href":"https:\/\/jlwheels-manufacturer.com\/da\/wp-json\/wp\/v2\/media?parent=3183"}],"curies":[{"name":"wp","href":"https:\/\/api.w.org\/{rel}","templated":true}]}}