{"id":3183,"date":"2021-11-16T01:59:23","date_gmt":"2021-11-16T01:59:23","guid":{"rendered":"https:\/\/jlwheels-manufacturer.com\/?page_id=3183"},"modified":"2021-11-16T01:59:23","modified_gmt":"2021-11-16T01:59:23","slug":"politica-de-devoluciones","status":"publish","type":"page","link":"https:\/\/jlwheels-manufacturer.com\/es_co\/politica-de-devoluciones\/","title":{"rendered":"Pol\u00edtica de devoluciones"},"content":{"rendered":"<p>Tenemos una pol\u00edtica de devoluci\u00f3n de 30 d\u00edas, lo que significa que tiene 30 d\u00edas despu\u00e9s de recibir su art\u00edculo para solicitar una devoluci\u00f3n.<\/p>\n<p>Para poder realizar una devoluci\u00f3n, el art\u00edculo debe estar en las mismas condiciones en que lo recibiste, sin usar, con las etiquetas y en su embalaje original. Tambi\u00e9n necesitar\u00e1s el recibo o la prueba de compra.<\/p>\n<p>Para iniciar una devoluci\u00f3n, puede ponerse en contacto con nosotros en sales@jlwheels-manufacturer.com . Si su devoluci\u00f3n es aceptada, le enviaremos una etiqueta de devoluci\u00f3n, as\u00ed como instrucciones sobre c\u00f3mo y d\u00f3nde enviar su paquete. No se aceptar\u00e1n los art\u00edculos que se nos env\u00eden sin haber solicitado previamente la devoluci\u00f3n.<\/p>\n<p>Canager pagar\u00e1 los gastos de env\u00edo de la devoluci\u00f3n y tras recibir el art\u00edculo devuelto, en 2-7 d\u00edas laborables procederemos al reembolso.<\/p>\n<p>Siempre puede ponerse en contacto con nosotros para cualquier consulta sobre devoluciones en sales@jlwheels-manufacturer.com.<\/p>\n<p>Da\u00f1os y perjuicios<br \/>\nPor favor, inspeccione su pedido al recibirlo y p\u00f3ngase en contacto con nosotros inmediatamente si el art\u00edculo est\u00e1 defectuoso, da\u00f1ado o si recibe un art\u00edculo equivocado, para que podamos evaluar el problema y solucionarlo.<\/p>\n<p>Excepciones \/ art\u00edculos no retornables<br \/>\nCiertos tipos de art\u00edculos no pueden devolverse, como productos perecederos (como alimentos, flores o plantas), productos a medida (como pedidos especiales o art\u00edculos personalizados) y art\u00edculos de cuidado personal (como productos de belleza). Tampoco aceptamos devoluciones de materiales peligrosos, l\u00edquidos inflamables o gases. P\u00f3ngase en contacto con nosotros si tiene alguna pregunta o duda sobre un art\u00edculo concreto.<\/p>\n<p>Lamentablemente, no podemos aceptar devoluciones de art\u00edculos en oferta o tarjetas regalo.<\/p>\n<p>Intercambios<br \/>\nLa forma m\u00e1s r\u00e1pida de asegurarse lo que quiere es devolver el art\u00edculo que tiene y, una vez aceptada la devoluci\u00f3n, hacer una compra por separado del nuevo art\u00edculo.<\/p>\n<p>Reembolsos<br \/>\nLe notificaremos una vez hayamos recibido e inspeccionado su devoluci\u00f3n, y le comunicaremos si el reembolso ha sido aprobado o no. Si se aprueba, se le reembolsar\u00e1 autom\u00e1ticamente en su m\u00e9todo de pago original. Recuerda que el banco o la entidad emisora de la tarjeta de cr\u00e9dito pueden tardar alg\u00fan tiempo en procesar y contabilizar el reembolso.<\/p>","protected":false},"excerpt":{"rendered":"<p>We have a 30-day return policy, which means you have 30 days after receiving your item to request a return. To be eligible for a return, your item must be in the same condition that you received it, unworn or unused, with tags, and in its original packaging. You\u2019ll also need the receipt or proof [&hellip;]<\/p>","protected":false},"author":1,"featured_media":0,"parent":0,"menu_order":0,"comment_status":"closed","ping_status":"closed","template":"","meta":{"om_disable_all_campaigns":false,"footnotes":""},"class_list":["post-3183","page","type-page","status-publish","hentry"],"_links":{"self":[{"href":"https:\/\/jlwheels-manufacturer.com\/es_co\/wp-json\/wp\/v2\/pages\/3183","targetHints":{"allow":["GET"]}}],"collection":[{"href":"https:\/\/jlwheels-manufacturer.com\/es_co\/wp-json\/wp\/v2\/pages"}],"about":[{"href":"https:\/\/jlwheels-manufacturer.com\/es_co\/wp-json\/wp\/v2\/types\/page"}],"author":[{"embeddable":true,"href":"https:\/\/jlwheels-manufacturer.com\/es_co\/wp-json\/wp\/v2\/users\/1"}],"replies":[{"embeddable":true,"href":"https:\/\/jlwheels-manufacturer.com\/es_co\/wp-json\/wp\/v2\/comments?post=3183"}],"version-history":[{"count":1,"href":"https:\/\/jlwheels-manufacturer.com\/es_co\/wp-json\/wp\/v2\/pages\/3183\/revisions"}],"predecessor-version":[{"id":3184,"href":"https:\/\/jlwheels-manufacturer.com\/es_co\/wp-json\/wp\/v2\/pages\/3183\/revisions\/3184"}],"wp:attachment":[{"href":"https:\/\/jlwheels-manufacturer.com\/es_co\/wp-json\/wp\/v2\/media?parent=3183"}],"curies":[{"name":"wp","href":"https:\/\/api.w.org\/{rel}","templated":true}]}}