{"id":3183,"date":"2021-11-16T01:59:23","date_gmt":"2021-11-16T01:59:23","guid":{"rendered":"https:\/\/jlwheels-manufacturer.com\/?page_id=3183"},"modified":"2021-11-16T01:59:23","modified_gmt":"2021-11-16T01:59:23","slug":"politique-de-retour","status":"publish","type":"page","link":"https:\/\/jlwheels-manufacturer.com\/fr_ca\/politique-de-retour\/","title":{"rendered":"Politique de retour"},"content":{"rendered":"<p>Nous avons une politique de retour de 30 jours, ce qui signifie que vous avez 30 jours apr\u00e8s avoir re\u00e7u votre article pour demander un retour.<\/p>\n<p>Pour pouvoir \u00eatre retourn\u00e9, votre article doit \u00eatre dans le m\u00eame \u00e9tat que celui dans lequel vous l'avez re\u00e7u, non port\u00e9 ou non utilis\u00e9, avec les \u00e9tiquettes et dans son emballage d'origine. Vous aurez \u00e9galement besoin du re\u00e7u ou de la preuve d'achat.<\/p>\n<p>Pour effectuer un retour, vous pouvez nous contacter \u00e0 l'adresse sales@jlwheels-manufacturer.com . Si votre retour est accept\u00e9, nous vous enverrons une \u00e9tiquette de retour, ainsi que des instructions sur la mani\u00e8re et le lieu d'envoi de votre colis. Les articles renvoy\u00e9s sans demande pr\u00e9alable de retour ne seront pas accept\u00e9s.<\/p>\n<p>Canager prendra en charge les frais de retour et apr\u00e8s r\u00e9ception de l'article retourn\u00e9, nous proc\u00e9derons au remboursement dans un d\u00e9lai de 2 \u00e0 7 jours ouvrables.<\/p>\n<p>Vous pouvez toujours nous contacter pour toute question relative au retour \u00e0 l'adresse sales@jlwheels-manufacturer.com.<\/p>\n<p>Dommages et int\u00e9r\u00eats<br \/>\nVeuillez inspecter votre commande \u00e0 la r\u00e9ception et nous contacter imm\u00e9diatement si l'article est d\u00e9fectueux, endommag\u00e9 ou si vous recevez le mauvais article, afin que nous puissions \u00e9valuer le probl\u00e8me et y rem\u00e9dier.<\/p>\n<p>Exceptions \/ articles non retournables<br \/>\nCertains types d'articles ne peuvent pas \u00eatre retourn\u00e9s, comme les produits p\u00e9rissables (tels que les aliments, les fleurs ou les plantes), les produits sur mesure (tels que les commandes sp\u00e9ciales ou les articles personnalis\u00e9s) et les produits de soins personnels (tels que les produits de beaut\u00e9). Nous n'acceptons pas non plus les retours de produits dangereux, de liquides inflammables ou de gaz. N'h\u00e9sitez pas \u00e0 nous contacter si vous avez des questions ou des inqui\u00e9tudes concernant votre article sp\u00e9cifique.<\/p>\n<p>Malheureusement, nous n'acceptons pas les retours sur les articles sold\u00e9s ou les cartes-cadeaux.<\/p>\n<p>\u00c9changes<br \/>\nLe moyen le plus rapide de s'assurer d'obtenir ce que l'on veut est de retourner l'article que l'on a et, une fois le retour accept\u00e9, d'effectuer un achat s\u00e9par\u00e9 pour le nouvel article.<\/p>\n<p>Remboursements<br \/>\nNous vous informerons une fois que nous aurons re\u00e7u et inspect\u00e9 votre retour, et vous ferons savoir si le remboursement a \u00e9t\u00e9 approuv\u00e9 ou non. Si le remboursement est approuv\u00e9, vous serez automatiquement rembours\u00e9 par le biais de votre mode de paiement d'origine. N'oubliez pas que le traitement et l'affichage du remboursement par votre banque ou votre soci\u00e9t\u00e9 de carte de cr\u00e9dit peuvent prendre un certain temps.<\/p>","protected":false},"excerpt":{"rendered":"<p>We have a 30-day return policy, which means you have 30 days after receiving your item to request a return. To be eligible for a return, your item must be in the same condition that you received it, unworn or unused, with tags, and in its original packaging. You\u2019ll also need the receipt or proof [&hellip;]<\/p>","protected":false},"author":1,"featured_media":0,"parent":0,"menu_order":0,"comment_status":"closed","ping_status":"closed","template":"","meta":{"om_disable_all_campaigns":false,"footnotes":""},"class_list":["post-3183","page","type-page","status-publish","hentry"],"_links":{"self":[{"href":"https:\/\/jlwheels-manufacturer.com\/fr_ca\/wp-json\/wp\/v2\/pages\/3183","targetHints":{"allow":["GET"]}}],"collection":[{"href":"https:\/\/jlwheels-manufacturer.com\/fr_ca\/wp-json\/wp\/v2\/pages"}],"about":[{"href":"https:\/\/jlwheels-manufacturer.com\/fr_ca\/wp-json\/wp\/v2\/types\/page"}],"author":[{"embeddable":true,"href":"https:\/\/jlwheels-manufacturer.com\/fr_ca\/wp-json\/wp\/v2\/users\/1"}],"replies":[{"embeddable":true,"href":"https:\/\/jlwheels-manufacturer.com\/fr_ca\/wp-json\/wp\/v2\/comments?post=3183"}],"version-history":[{"count":1,"href":"https:\/\/jlwheels-manufacturer.com\/fr_ca\/wp-json\/wp\/v2\/pages\/3183\/revisions"}],"predecessor-version":[{"id":3184,"href":"https:\/\/jlwheels-manufacturer.com\/fr_ca\/wp-json\/wp\/v2\/pages\/3183\/revisions\/3184"}],"wp:attachment":[{"href":"https:\/\/jlwheels-manufacturer.com\/fr_ca\/wp-json\/wp\/v2\/media?parent=3183"}],"curies":[{"name":"wp","href":"https:\/\/api.w.org\/{rel}","templated":true}]}}