{"id":3183,"date":"2021-11-16T01:59:23","date_gmt":"2021-11-16T01:59:23","guid":{"rendered":"https:\/\/jlwheels-manufacturer.com\/?page_id=3183"},"modified":"2021-11-16T01:59:23","modified_gmt":"2021-11-16T01:59:23","slug":"politica-de-devolucions","status":"publish","type":"page","link":"https:\/\/jlwheels-manufacturer.com\/gl\/politica-de-devolucions\/","title":{"rendered":"Pol\u00edtica de devoluci\u00f3n"},"content":{"rendered":"<p>Temos unha pol\u00edtica de devoluci\u00f3n de 30 d\u00edas, o que significa que disp\u00f3s de 30 d\u00edas desde que recibes o teu artigo para solicitar unha devoluci\u00f3n.<\/p>\n<p>Para ter dereito a un reembolso, o teu artigo debe estar na mesma condici\u00f3n na que o recibiches, sen usar nin po\u00f1er, coas etiquetas e no seu envase orixinal. Tam\u00e9n necesitar\u00e1s o recibo ou proba de compra.<\/p>\n<p>Para iniciar unha devoluci\u00f3n, podes contactarnos en sales@jlwheels-manufacturer.com. Se a t\u00faa devoluci\u00f3n \u00e9 aceptada, enviar\u00e9mosche unha etiqueta de env\u00edo de devoluci\u00f3n, as\u00ed como instruci\u00f3ns sobre como e onde enviar o teu paquete. Os artigos enviados de volta sen solicitar antes a devoluci\u00f3n non ser\u00e1n aceptados.<\/p>\n<p>Canager pagar\u00e1 a taxa de devoluci\u00f3n e, tras recibir o artigo devolto, procederemos ao reembolso nun prazo de 2 a 7 d\u00edas laborables.<\/p>\n<p>Podes sempre contactar connosco para calquera d\u00fabida sobre devoluci\u00f3ns en sales@jlwheels-manufacturer.com.<\/p>\n<p>Danos e problemas<br \/>\nPor favor, inspeccione o seu pedido ao recibilo e p\u00f3\u00f1ase en contacto connosco inmediatamente se o artigo est\u00e1 defectuoso, danado ou se recibiu o artigo equivocado, para que poidamos avaliar o problema e solucionalo.<\/p>\n<p>Excepci\u00f3ns \/ artigos non retornables<br \/>\nCertos tipos de artigos non poden devolverse, como produtos perecedoiros (como alimentos, flores ou plantas), produtos personalizados (como pedidos especiais ou artigos personalizados) e artigos de coidado persoal (como produtos de beleza). Tampouco aceptamos devoluci\u00f3ns de materiais perigosos, l\u00edquidos inflamables ou gases. P\u00f3\u00f1ase en contacto connosco se ten preguntas ou d\u00fabidas sobre o seu artigo espec\u00edfico.<\/p>\n<p>Por desgraza, non podemos aceptar devoluci\u00f3ns en artigos en oferta nin tarxetas de agasallo.<\/p>\n<p>Intercambios<br \/>\nA forma m\u00e1is r\u00e1pida de garantir que obte\u00f1as o que queres \u00e9 devolver o artigo que tes e, unha vez aceptada a devoluci\u00f3n, facer unha compra separada do novo artigo.<\/p>\n<p>Reembolsos<br \/>\nNotificar\u00e9mosche unha vez que recibamos e inspeccionemos a t\u00faa devoluci\u00f3n e far\u00e9mosche saber se o reembolso foi aprobado ou non. Se se aproba, recibir\u00e1s automaticamente o reembolso no teu m\u00e9todo de pago orixinal. Lembra que tam\u00e9n pode levar algo de tempo ao teu banco ou \u00e1 compa\u00f1\u00eda da t\u00faa tarxeta de cr\u00e9dito procesar e abonar o reembolso.<\/p>","protected":false},"excerpt":{"rendered":"<p>We have a 30-day return policy, which means you have 30 days after receiving your item to request a return. To be eligible for a return, your item must be in the same condition that you received it, unworn or unused, with tags, and in its original packaging. You\u2019ll also need the receipt or proof [&hellip;]<\/p>","protected":false},"author":1,"featured_media":0,"parent":0,"menu_order":0,"comment_status":"closed","ping_status":"closed","template":"","meta":{"om_disable_all_campaigns":false,"footnotes":""},"class_list":["post-3183","page","type-page","status-publish","hentry"],"_links":{"self":[{"href":"https:\/\/jlwheels-manufacturer.com\/gl\/wp-json\/wp\/v2\/pages\/3183","targetHints":{"allow":["GET"]}}],"collection":[{"href":"https:\/\/jlwheels-manufacturer.com\/gl\/wp-json\/wp\/v2\/pages"}],"about":[{"href":"https:\/\/jlwheels-manufacturer.com\/gl\/wp-json\/wp\/v2\/types\/page"}],"author":[{"embeddable":true,"href":"https:\/\/jlwheels-manufacturer.com\/gl\/wp-json\/wp\/v2\/users\/1"}],"replies":[{"embeddable":true,"href":"https:\/\/jlwheels-manufacturer.com\/gl\/wp-json\/wp\/v2\/comments?post=3183"}],"version-history":[{"count":1,"href":"https:\/\/jlwheels-manufacturer.com\/gl\/wp-json\/wp\/v2\/pages\/3183\/revisions"}],"predecessor-version":[{"id":3184,"href":"https:\/\/jlwheels-manufacturer.com\/gl\/wp-json\/wp\/v2\/pages\/3183\/revisions\/3184"}],"wp:attachment":[{"href":"https:\/\/jlwheels-manufacturer.com\/gl\/wp-json\/wp\/v2\/media?parent=3183"}],"curies":[{"name":"wp","href":"https:\/\/api.w.org\/{rel}","templated":true}]}}