{"id":2522,"date":"2015-02-20T01:41:31","date_gmt":"2015-02-20T01:41:31","guid":{"rendered":"http:\/\/rttheme19.rtthemes.com\/?page_id=2522"},"modified":"2015-02-20T01:41:31","modified_gmt":"2015-02-20T01:41:31","slug":"bloggrista","status":"publish","type":"page","link":"https:\/\/jlwheels-manufacturer.com\/is\/bloggrista\/","title":{"rendered":"Bloggnet"},"content":{"rendered":"<div class=\"wpb-content-wrapper\">\n<div  class=\"content_row row vc_row wpb_row  default-style default overlap\" >\n\t\n\t<div class=\"content_row_wrapper\" >\n\t<div class=\"vc_col-sm-12 wpb_column vc_column_container\">\n\t\t<div class=\"wpb_wrapper\">\n\t\t\t\n<div id=\"blog-dynamicID-337445\" class=\"blog_list clearfix border_grid fixed_heights\" data-column-width=\"2\">\n<div class=\"row clearfix\">\n<div class=\"col col-sm-6\">\n \n\n<!-- blog box-->\n<article class=\"loop post-6035 post type-post status-publish format-standard has-post-thumbnail hentry category-uncategorized-de\" id=\"post-6035\">\n\t\t\n\t\n\t\n\t<figure class=\"featured_image featured_media\">\n\n\t\t\n\t\t\t\t<a id=\"lightbox-977845\" class=\"imgeffect zoom lightbox_ featured_image\" data-group=\"image_6008\" title=\"Enlarge Image\" data-title=\"How to Get Started with Wheel Modification?\" data-sub-html=\"#lightbox-977845-description\" data-thumbnail=\"https:\/\/jlwheels-manufacturer.com\/wp-content\/uploads\/2026\/04\/bronze-wheels-forged-2-75x50.jpg\" data-thumbtooltip=\"\" data-scaleup=\"\" data-href=\"\" data-width=\"\" data-height=\"\" data-flashhaspriority=\"\" data-poster=\"\" data-autoplay=\"\" data-audiotitle=\"\" data-html=\"\" href=\"https:\/\/jlwheels-manufacturer.com\/wp-content\/uploads\/2026\/04\/bronze-wheels-forged-2.jpg\" ><img decoding=\"async\" src=\"https:\/\/jlwheels-manufacturer.com\/wp-content\/uploads\/2026\/04\/bronze-wheels-forged-2-640x400.jpg\" alt=\"Bronshj\u00f3l sm\u00ed\u00f0u\u00f0 (2)\" class=\"\" title=\"\"><\/a>\r\n\t\t\t<div class=\"lighbox-description hidden\" id=\"lightbox-977845-description\">\r\n\t\t\t\t<strong>Hvernig byrjar ma\u00f0ur me\u00f0 hj\u00f3labreytingu?<\/strong><br>\r\n\t\t\t\t\r\n\t\t\t<\/div>\t\t\t\t<span class=\"format-icon icon-pencil\"><\/span>\n\n\t\t\t\n\t<\/figure> \n\t\n\n\t<div class=\"date\">14. apr\u00edl 2026<\/div> \n\t<div class=\"text entry-content\">\n\n\t\t<!-- blog headline-->\n\t\t<h2 class=\"entry-title\"><a href=\"https:\/\/jlwheels-manufacturer.com\/is\/hvernig-a-ad-byrja-med-hjolabreytingu\/\" rel=\"bookmark\">Hvernig byrjar ma\u00f0ur me\u00f0 hj\u00f3labreytingu?<\/a><\/h2> \n\t\t\t\n\n\t\t<p>How to Get Started with Wheel Modification in 30 Minutes with No Prior Experience? These Four Principles Must Be Followed for Wheel Modification Wheel modification can not only enhance the appearance and style of your car, but also improve its performance. This is why many people are obsessed with wheel modification. After all, in this [&hellip;]<\/p>\n\n\t\t\t\t<!-- meta data -->\r\n\t\t<div class=\"post_data\">\r\n\r\n\t\t\t\t\t\t<!-- user -->\r\n\t\t\t<span class=\"icon-user user margin-right20\"><a href=\"https:\/\/jlwheels-manufacturer.com\/is\/author\/admin\/\" title=\"F\u00e6rslur eftir \u00feennan h\u00f6fund: admin\" rel=\"author\">stj\u00f3rnandi<\/a><\/span>\r\n\t\t\t\r\n\t\t\t\t\t\t<!-- categories -->\r\n\t\t\t<span class=\"icon-flow-cascade categories\"><a href=\"https:\/\/jlwheels-manufacturer.com\/is\/oflokkad-de\/\" rel=\"category tag\">\u00d3flokka\u00f0<\/a><\/span>\r\n\t\t\t\r\n\t\t\t\r\n\t\t\t\t\t\t<!-- comments -->\r\n\t\t\t<span class=\"icon-chat-empty comment_link\"><a href=\"https:\/\/jlwheels-manufacturer.com\/is\/hvernig-a-ad-byrja-med-hjolabreytingu\/#respond\" title=\"0 Comment\" class=\"comment_link\">0 Comment<\/a><\/span>\r\n\t\t\t\r\n\t\t<\/div><!-- \/ end div  .post_data -->\r\n\t\n\t<\/div> \n\n<\/article> \n<!-- \/ blog box-->\n<\/div>\n<div class=\"col col-sm-6\">\n \n\n<!-- blog box-->\n<article class=\"loop post-5992 post type-post status-publish format-standard has-post-thumbnail hentry category-uncategorized-en\" id=\"post-5992\">\n\t\t\n\t\n\t\n\t<figure class=\"featured_image featured_media\">\n\n\t\t\n\t\t\t\t<a id=\"lightbox-687715\" class=\"imgeffect zoom lightbox_ featured_image\" data-group=\"image_5922\" title=\"Enlarge Image\" data-title=\"How to Identify Whether a Rim is Forged\" data-sub-html=\"#lightbox-687715-description\" data-thumbnail=\"https:\/\/jlwheels-manufacturer.com\/wp-content\/uploads\/2026\/01\/How-to-Create-a-Perfect-Forged-Wheel\uff1f-56-75x50.png\" data-thumbtooltip=\"\" data-scaleup=\"\" data-href=\"\" data-width=\"\" data-height=\"\" data-flashhaspriority=\"\" data-poster=\"\" data-autoplay=\"\" data-audiotitle=\"\" data-html=\"\" href=\"https:\/\/jlwheels-manufacturer.com\/wp-content\/uploads\/2026\/01\/How-to-Create-a-Perfect-Forged-Wheel?\u201356.png\" ><img decoding=\"async\" src=\"https:\/\/jlwheels-manufacturer.com\/wp-content\/uploads\/2026\/01\/How-to-Create-a-Perfect-Forged-Wheel\uff1f-56-640x400.png\" alt=\"Hvernig \u00e1 a\u00f0 b\u00faa til fullkominn sm\u00ed\u00f0a\u00f0an hj\u00f3l? (5)6\" class=\"\" title=\"\"><\/a>\r\n\t\t\t<div class=\"lighbox-description hidden\" id=\"lightbox-687715-description\">\r\n\t\t\t\t<strong>Hvernig \u00e1 a\u00f0 greina hvort felga s\u00e9 sm\u00ed\u00f0u\u00f0<\/strong><br>\r\n\t\t\t\t\r\n\t\t\t<\/div>\t\t\t\t<span class=\"format-icon icon-pencil\"><\/span>\n\n\t\t\t\n\t<\/figure> \n\t\n\n\t<div class=\"date\">3. apr\u00edl 2026<\/div> \n\t<div class=\"text entry-content\">\n\n\t\t<!-- blog headline-->\n\t\t<h2 class=\"entry-title\"><a href=\"https:\/\/jlwheels-manufacturer.com\/is\/hvernig-a-ad-greina-hvort-felgur-se-smidadur\/\" rel=\"bookmark\">Hvernig \u00e1 a\u00f0 greina hvort felga s\u00e9 sm\u00ed\u00f0u\u00f0<\/a><\/h2> \n\t\t\t\n\n\t\t<p>A\u00f0 meta hvort felga s\u00e9 sm\u00ed\u00f0a\u00f0: Alhli\u00f0a lei\u00f0arv\u00edsir   Til a\u00f0 \u00e1kvar\u00f0a hvort felga s\u00e9 sm\u00ed\u00f0a\u00f0 \u00fearf a\u00f0 meta hana fr\u00e1 m\u00f6rgum sj\u00f3narhornum, \u00fear \u00e1 me\u00f0al ver\u00f0i, \u00feyngdar, yfirbor\u00f0sg\u00e6\u00f0a og framlei\u00f0sluferlis. Sm\u00ed\u00f0a\u00f0ar felgur einkennast af fl\u00f3knum framlei\u00f0sluferlum og h\u00e1um efniskostna\u00f0i, sem lei\u00f0ir til almennt h\u00e6rra ver\u00f0s. \u00de\u00e6r eru l\u00e9ttari og st\u00edfari \u00ed s\u00f6mu st\u00e6r\u00f0, sem b\u00e6tir me\u00f0h\u00f6ndlun [\u2026]<\/p>\n\n\t\t\t\t<!-- meta data -->\r\n\t\t<div class=\"post_data\">\r\n\r\n\t\t\t\t\t\t<!-- user -->\r\n\t\t\t<span class=\"icon-user user margin-right20\"><a href=\"https:\/\/jlwheels-manufacturer.com\/is\/author\/admin\/\" title=\"F\u00e6rslur eftir \u00feennan h\u00f6fund: admin\" rel=\"author\">stj\u00f3rnandi<\/a><\/span>\r\n\t\t\t\r\n\t\t\t\t\t\t<!-- categories -->\r\n\t\t\t<span class=\"icon-flow-cascade categories\"><a href=\"https:\/\/jlwheels-manufacturer.com\/is\/uncategorized-en\/\" rel=\"category tag\">\u00d3flokka\u00f0<\/a><\/span>\r\n\t\t\t\r\n\t\t\t\r\n\t\t\t\r\n\t\t<\/div><!-- \/ end div  .post_data -->\r\n\t\n\t<\/div> \n\n<\/article> \n<!-- \/ blog box-->\n<\/div>\n<\/div>\n<div class=\"row clearfix\">\n<div class=\"col col-sm-6\">\n \n\n<!-- blog box-->\n<article class=\"loop post-5937 post type-post status-publish format-standard has-post-thumbnail hentry category-uncategorized-de\" id=\"post-5937\">\n\t\t\n\t\n\t\n\t<figure class=\"featured_image featured_media\">\n\n\t\t\n\t\t\t\t<a id=\"lightbox-972205\" class=\"imgeffect zoom lightbox_ featured_image\" data-group=\"image_5941\" title=\"Enlarge Image\" data-title=\"how to measure backspacing for custom wheels\" data-sub-html=\"#lightbox-972205-description\" data-thumbnail=\"https:\/\/jlwheels-manufacturer.com\/wp-content\/uploads\/2026\/01\/how-to-measure-backspacing-for-custom-wheels-3-75x50.png\" data-thumbtooltip=\"\" data-scaleup=\"\" data-href=\"\" data-width=\"\" data-height=\"\" data-flashhaspriority=\"\" data-poster=\"\" data-autoplay=\"\" data-audiotitle=\"\" data-html=\"\" href=\"https:\/\/jlwheels-manufacturer.com\/wp-content\/uploads\/2026\/01\/how-to-measure-backspacing-for-custom-wheels-3.png\" ><img decoding=\"async\" src=\"https:\/\/jlwheels-manufacturer.com\/wp-content\/uploads\/2026\/01\/how-to-measure-backspacing-for-custom-wheels-3.png\" alt=\"Hvernig \u00e1 a\u00f0 m\u00e6la bakf\u00e6rslu fyrir s\u00e9rsm\u00ed\u00f0a\u00f0a felgur (3)\" class=\"\" title=\"\"><\/a>\r\n\t\t\t<div class=\"lighbox-description hidden\" id=\"lightbox-972205-description\">\r\n\t\t\t\t<strong>Hvernig \u00e1 a\u00f0 m\u00e6la bakf\u00e6rslu fyrir s\u00e9rsm\u00ed\u00f0a\u00f0a felgur<\/strong><br>\r\n\t\t\t\t\r\n\t\t\t<\/div>\t\t\t\t<span class=\"format-icon icon-pencil\"><\/span>\n\n\t\t\t\n\t<\/figure> \n\t\n\n\t<div class=\"date\">26. jan\u00faar 2026<\/div> \n\t<div class=\"text entry-content\">\n\n\t\t<!-- blog headline-->\n\t\t<h2 class=\"entry-title\"><a href=\"https:\/\/jlwheels-manufacturer.com\/is\/hvernig-a-ad-maela-bakfaerslu-fyrir-sersmidada-felgur\/\" rel=\"bookmark\">Hvernig \u00e1 a\u00f0 m\u00e6la bakf\u00e6rslu fyrir s\u00e9rsm\u00ed\u00f0a\u00f0a felgur<\/a><\/h2> \n\t\t\t\n\n\t\t<p>Hvernig \u00e1 a\u00f0 m\u00e6la innstig fyrir s\u00e9rsm\u00ed\u00f0a\u00f0a felgur   Alhli\u00f0a lei\u00f0arv\u00edsir um a\u00f0 m\u00e6la innstig felgna   R\u00e9tt m\u00e6ling \u00e1 innstigi felgna er mikilv\u00e6gt skref \u00ed b\u00edlaumb\u00f3tum. \u00dea\u00f0 hefur bein \u00e1hrif \u00e1 hvort n\u00fdjar felgur geti veri\u00f0 settar upp r\u00e9tt, sem og \u00e1 aksturs\u00f6ryggi og aksturseiginleika. \u00deessi lei\u00f0arv\u00edsir mun veita fullkomna skilning \u00e1 a\u00f0fer\u00f0um til a\u00f0 m\u00e6la innstig felgna, [\u2026]<\/p>\n\n\t\t\t\t<!-- meta data -->\r\n\t\t<div class=\"post_data\">\r\n\r\n\t\t\t\t\t\t<!-- user -->\r\n\t\t\t<span class=\"icon-user user margin-right20\"><a href=\"https:\/\/jlwheels-manufacturer.com\/is\/author\/admin\/\" title=\"F\u00e6rslur eftir \u00feennan h\u00f6fund: admin\" rel=\"author\">stj\u00f3rnandi<\/a><\/span>\r\n\t\t\t\r\n\t\t\t\t\t\t<!-- categories -->\r\n\t\t\t<span class=\"icon-flow-cascade categories\"><a href=\"https:\/\/jlwheels-manufacturer.com\/is\/oflokkad-de\/\" rel=\"category tag\">\u00d3flokka\u00f0<\/a><\/span>\r\n\t\t\t\r\n\t\t\t\r\n\t\t\t\r\n\t\t<\/div><!-- \/ end div  .post_data -->\r\n\t\n\t<\/div> \n\n<\/article> \n<!-- \/ blog box-->\n<\/div>\n<div class=\"col col-sm-6\">\n \n\n<!-- blog box-->\n<article class=\"loop post-5912 post type-post status-publish format-standard has-post-thumbnail hentry category-uncategorized-de\" id=\"post-5912\">\n\t\t\n\t\n\t\n\t<figure class=\"featured_image featured_media\">\n\n\t\t\n\t\t\t\t<a id=\"lightbox-107214\" class=\"imgeffect zoom lightbox_ featured_image\" data-group=\"image_5920\" title=\"Enlarge Image\" data-title=\"How to Create a Perfect Forged Wheel\uff1f\" data-sub-html=\"#lightbox-107214-description\" data-thumbnail=\"https:\/\/jlwheels-manufacturer.com\/wp-content\/uploads\/2026\/01\/How-to-Create-a-Perfect-Forged-Wheel\uff1f-2-75x50.jpg\" data-thumbtooltip=\"\" data-scaleup=\"\" data-href=\"\" data-width=\"\" data-height=\"\" data-flashhaspriority=\"\" data-poster=\"\" data-autoplay=\"\" data-audiotitle=\"\" data-html=\"\" href=\"https:\/\/jlwheels-manufacturer.com\/wp-content\/uploads\/2026\/01\/How-to-Create-a-Perfect-Forged-Wheel\uff1f-2.jpg\" ><img decoding=\"async\" src=\"https:\/\/jlwheels-manufacturer.com\/wp-content\/uploads\/2026\/01\/How-to-Create-a-Perfect-Forged-Wheel\uff1f-2-640x400.jpg\" alt=\"Hvernig \u00e1 a\u00f0 b\u00faa til fullkomna sm\u00ed\u00f0a\u00f0a hj\u00f3l? (2)\" class=\"\" title=\"\"><\/a>\r\n\t\t\t<div class=\"lighbox-description hidden\" id=\"lightbox-107214-description\">\r\n\t\t\t\t<strong>Hvernig \u00e1 a\u00f0 b\u00faa til fullkominn sm\u00ed\u00f0a\u00f0an hj\u00f3l?<\/strong><br>\r\n\t\t\t\t\r\n\t\t\t<\/div>\t\t\t\t<span class=\"format-icon icon-pencil\"><\/span>\n\n\t\t\t\n\t<\/figure> \n\t\n\n\t<div class=\"date\">19. jan\u00faar 2026<\/div> \n\t<div class=\"text entry-content\">\n\n\t\t<!-- blog headline-->\n\t\t<h2 class=\"entry-title\"><a href=\"https:\/\/jlwheels-manufacturer.com\/is\/how-to-create-a-perfect-forged-wheel%ef%bc%9f\/\" rel=\"bookmark\">Hvernig \u00e1 a\u00f0 b\u00faa til fullkominn sm\u00ed\u00f0a\u00f0an hj\u00f3l?<\/a><\/h2> \n\t\t\t\n\n\t\t<p>Hvernig b\u00fdr ma\u00f0ur til fullkominn sm\u00ed\u00f0a\u00f0an hj\u00f3l?  G\u00e6\u00f0ahj\u00f3l byrja me\u00f0 hr\u00e1efninu  Til a\u00f0 sm\u00ed\u00f0a h\u00e1g\u00e6\u00f0a hj\u00f3l er \u00e1l efni\u00f0 mikilv\u00e6gasti \u00fe\u00e1tturinn.  Eins og vi\u00f0 vitum eru helstu framlei\u00f0sluferlar hj\u00f3la a\u00f0allega steyping og sm\u00ed\u00f0i.  Steyping, eins og nafni\u00f0 gefur til kynna, felur \u00ed s\u00e9r a\u00f0 br\u00e6\u00f0a \u00e1lbl\u00f6ndu \u00ed flj\u00f3tandi \u00e1stand og [\u2026]<\/p>\n\n\t\t\t\t<!-- meta data -->\r\n\t\t<div class=\"post_data\">\r\n\r\n\t\t\t\t\t\t<!-- user -->\r\n\t\t\t<span class=\"icon-user user margin-right20\"><a href=\"https:\/\/jlwheels-manufacturer.com\/is\/author\/admin\/\" title=\"F\u00e6rslur eftir \u00feennan h\u00f6fund: admin\" rel=\"author\">stj\u00f3rnandi<\/a><\/span>\r\n\t\t\t\r\n\t\t\t\t\t\t<!-- categories -->\r\n\t\t\t<span class=\"icon-flow-cascade categories\"><a href=\"https:\/\/jlwheels-manufacturer.com\/is\/oflokkad-de\/\" rel=\"category tag\">\u00d3flokka\u00f0<\/a><\/span>\r\n\t\t\t\r\n\t\t\t\r\n\t\t\t\r\n\t\t<\/div><!-- \/ end div  .post_data -->\r\n\t\n\t<\/div> \n\n<\/article> \n<!-- \/ blog box-->\n<\/div>\n<\/div>\n<div class=\"row clearfix\">\n<div class=\"col col-sm-6\">\n \n\n<!-- blog box-->\n<article class=\"loop post-5870 post type-post status-publish format-standard has-post-thumbnail hentry category-uncategorized-de\" id=\"post-5870\">\n\t\t\n\t\n\t\n\t<figure class=\"featured_image featured_media\">\n\n\t\t\n\t\t\t\t<a id=\"lightbox-708716\" class=\"imgeffect zoom lightbox_ featured_image\" data-group=\"image_5806\" title=\"Enlarge Image\" data-title=\"What&#8217;s the difference between one-piece and two-piece wheels?\" data-sub-html=\"#lightbox-708716-description\" data-thumbnail=\"https:\/\/jlwheels-manufacturer.com\/wp-content\/uploads\/2025\/11\/what-is-better-alloy-or-forged-wheels-3-75x50.jpg\" data-thumbtooltip=\"\" data-scaleup=\"\" data-href=\"\" data-width=\"\" data-height=\"\" data-flashhaspriority=\"\" data-poster=\"\" data-autoplay=\"\" data-audiotitle=\"\" data-html=\"\" href=\"https:\/\/jlwheels-manufacturer.com\/wp-content\/uploads\/2025\/11\/what-is-better-alloy-or-forged-wheels-3.jpg\" ><img decoding=\"async\" src=\"https:\/\/jlwheels-manufacturer.com\/wp-content\/uploads\/2025\/11\/what-is-better-alloy-or-forged-wheels-3-640x400.jpg\" alt=\"Hva\u00f0 er betra, sm\u00ed\u00f0a\u00f0ir e\u00f0a pressa\u00f0ir felgur (3)\" class=\"\" title=\"\"><\/a>\r\n\t\t\t<div class=\"lighbox-description hidden\" id=\"lightbox-708716-description\">\r\n\t\t\t\t<strong>Hver er munurinn \u00e1 einstykkis- og tv\u00edstykkisfelgum?<\/strong><br>\r\n\t\t\t\t\r\n\t\t\t<\/div>\t\t\t\t<span class=\"format-icon icon-pencil\"><\/span>\n\n\t\t\t\n\t<\/figure> \n\t\n\n\t<div class=\"date\">22. desember 2025<\/div> \n\t<div class=\"text entry-content\">\n\n\t\t<!-- blog headline-->\n\t\t<h2 class=\"entry-title\"><a href=\"https:\/\/jlwheels-manufacturer.com\/is\/whats-the-difference-between-one-piece-and-two-piece-wheels\/\" rel=\"bookmark\">Hver er munurinn \u00e1 einstykkis- og tv\u00edstykkisfelgum?<\/a><\/h2> \n\t\t\t\n\n\t\t<p>Hver er munurinn \u00e1 einstykkis- og tv\u00edhluta hj\u00f3lum? Helstu munirnir \u00e1 einstykkis (mon\u00f3l\u00edt\u00edskum) og tv\u00edhluta hj\u00f3lum felast \u00ed uppbyggingu \u00feeirra og framlei\u00f0sluferlum. Einstykkis hj\u00f3l er m\u00f3ta\u00f0 sem eitt heilst\u00e6tt eintak, \u00e1 me\u00f0an tv\u00edhluta hj\u00f3l samanstendur af felgu (tunnukerfi) og mi\u00f0sk\u00edfu (hj\u00f3lsfl\u00f6t) sem framleidd eru a\u00f0skili\u00f0 og s\u00ed\u00f0an [\u2026]<\/p>\n\n\t\t\t\t<!-- meta data -->\r\n\t\t<div class=\"post_data\">\r\n\r\n\t\t\t\t\t\t<!-- user -->\r\n\t\t\t<span class=\"icon-user user margin-right20\"><a href=\"https:\/\/jlwheels-manufacturer.com\/is\/author\/admin\/\" title=\"F\u00e6rslur eftir \u00feennan h\u00f6fund: admin\" rel=\"author\">stj\u00f3rnandi<\/a><\/span>\r\n\t\t\t\r\n\t\t\t\t\t\t<!-- categories -->\r\n\t\t\t<span class=\"icon-flow-cascade categories\"><a href=\"https:\/\/jlwheels-manufacturer.com\/is\/oflokkad-de\/\" rel=\"category tag\">\u00d3flokka\u00f0<\/a><\/span>\r\n\t\t\t\r\n\t\t\t\r\n\t\t\t\r\n\t\t<\/div><!-- \/ end div  .post_data -->\r\n\t\n\t<\/div> \n\n<\/article> \n<!-- \/ blog box-->\n<\/div>\n<div class=\"col col-sm-6\">\n \n\n<!-- blog box-->\n<article class=\"loop post-5863 post type-post status-publish format-standard has-post-thumbnail hentry category-uncategorized-de\" id=\"post-5863\">\n\t\t\n\t\n\t\n\t<figure class=\"featured_image featured_media\">\n\n\t\t\n\t\t\t\t<a id=\"lightbox-838522\" class=\"imgeffect zoom lightbox_ featured_image\" data-group=\"image_5730\" title=\"Enlarge Image\" data-title=\"How to polish forged aluminum wheels?\" data-sub-html=\"#lightbox-838522-description\" data-thumbnail=\"https:\/\/jlwheels-manufacturer.com\/wp-content\/uploads\/2025\/11\/What-wheel-size-is-best-for-performance-3-75x50.jpg\" data-thumbtooltip=\"\" data-scaleup=\"\" data-href=\"\" data-width=\"\" data-height=\"\" data-flashhaspriority=\"\" data-poster=\"\" data-autoplay=\"\" data-audiotitle=\"\" data-html=\"\" href=\"https:\/\/jlwheels-manufacturer.com\/wp-content\/uploads\/2025\/11\/What-wheel-size-is-best-for-performance-3.jpg\" ><img decoding=\"async\" src=\"https:\/\/jlwheels-manufacturer.com\/wp-content\/uploads\/2025\/11\/What-wheel-size-is-best-for-performance-3-640x400.jpg\" alt=\"Hva\u00f0a hj\u00f3last\u00e6r\u00f0 er best fyrir frammist\u00f6\u00f0u (3)\" class=\"\" title=\"\"><\/a>\r\n\t\t\t<div class=\"lighbox-description hidden\" id=\"lightbox-838522-description\">\r\n\t\t\t\t<strong>Hvernig m\u00e1 p\u00fassa sm\u00ed\u00f0a\u00f0ar \u00e1lfelgur?<\/strong><br>\r\n\t\t\t\t\r\n\t\t\t<\/div>\t\t\t\t<span class=\"format-icon icon-pencil\"><\/span>\n\n\t\t\t\n\t<\/figure> \n\t\n\n\t<div class=\"date\">9. desember 2025<\/div> \n\t<div class=\"text entry-content\">\n\n\t\t<!-- blog headline-->\n\t\t<h2 class=\"entry-title\"><a href=\"https:\/\/jlwheels-manufacturer.com\/is\/how-to-polish-forged-aluminum-wheels\/\" rel=\"bookmark\">Hvernig m\u00e1 p\u00fassa sm\u00ed\u00f0a\u00f0ar \u00e1lfelgur?<\/a><\/h2> \n\t\t\t\n\n\t\t<p>Hvernig m\u00e1 p\u00fassa sm\u00ed\u00f0a\u00f0a \u00e1lfelgur? A\u00f0 p\u00fassa \u00e1lfelgur sj\u00e1lfur er verkefni sem krefst n\u00e1kv\u00e6mrar vinnu og \u00feolinm\u00e6\u00f0i. Fyrir b\u00edleigendur sem vilja b\u00e6ta \u00fatlit \u00f6kut\u00e6kis s\u00edns e\u00f0a laga sm\u00e1v\u00e6gileg rispur er nau\u00f0synlegt a\u00f0 kunna r\u00e9tta p\u00fassunara\u00f0fer\u00f0ina. \u00cd fyrsta lagi er mikilv\u00e6gt a\u00f0 hafa \u00ed huga a\u00f0 yfirbor\u00f0 felgunnar \u00fearf a\u00f0 vera vandlega hreinsa\u00f0 [\u2026]<\/p>\n\n\t\t\t\t<!-- meta data -->\r\n\t\t<div class=\"post_data\">\r\n\r\n\t\t\t\t\t\t<!-- user -->\r\n\t\t\t<span class=\"icon-user user margin-right20\"><a href=\"https:\/\/jlwheels-manufacturer.com\/is\/author\/admin\/\" title=\"F\u00e6rslur eftir \u00feennan h\u00f6fund: admin\" rel=\"author\">stj\u00f3rnandi<\/a><\/span>\r\n\t\t\t\r\n\t\t\t\t\t\t<!-- categories -->\r\n\t\t\t<span class=\"icon-flow-cascade categories\"><a href=\"https:\/\/jlwheels-manufacturer.com\/is\/oflokkad-de\/\" rel=\"category tag\">\u00d3flokka\u00f0<\/a><\/span>\r\n\t\t\t\r\n\t\t\t\r\n\t\t\t\r\n\t\t<\/div><!-- \/ end div  .post_data -->\r\n\t\n\t<\/div> \n\n<\/article> \n<!-- \/ blog box-->\n<\/div>\n<\/div>\n<\/div>\n<div class=\"paging_wrapper margin-t30 margin-b30\"><ul class='page-numbers'>\n\t<li><span aria-label=\"S\u00ed\u00f0a 1\" aria-current=\"page\" class=\"page-numbers current\" data-no-translation-aria-label=\"\">1<\/span><\/li>\n\t<li><a aria-label=\"S\u00ed\u00f0a 2\" class=\"page-numbers\" href=\"https:\/\/jlwheels-manufacturer.com\/wp-json\/wp\/v2\/pages\/2522\/page\/2\/\" data-no-translation-aria-label=\"\">2<\/a><\/li>\n\t<li><a aria-label=\"S\u00ed\u00f0a 3\" class=\"page-numbers\" href=\"https:\/\/jlwheels-manufacturer.com\/wp-json\/wp\/v2\/pages\/2522\/page\/3\/\" data-no-translation-aria-label=\"\">3<\/a><\/li>\n\t<li><span class=\"page-numbers dots\">&hellip;<\/span><\/li>\n\t<li><a aria-label=\"S\u00ed\u00f0a 26\" class=\"page-numbers\" href=\"https:\/\/jlwheels-manufacturer.com\/wp-json\/wp\/v2\/pages\/2522\/page\/26\/\" data-no-translation-aria-label=\"\">26<\/a><\/li>\n\t<li><a class=\"next page-numbers\" href=\"https:\/\/jlwheels-manufacturer.com\/wp-json\/wp\/v2\/pages\/2522\/page\/2\/\"><span class=\"icon-angle-right\"><\/span><\/a><\/li>\n<\/ul>\n<\/div>\n\t\t<\/div>\n\t<\/div>\n\n<\/div>\n<\/div>\n\n<\/div>","protected":false},"excerpt":{"rendered":"How to polish forged aluminum wheels? &nbsp; Polishing alloy wheels yourself is a task that requires meticulous operation and patience. For car owners who want to enhance their vehicle's appearance or repair minor scratches, mastering the correct polishing method is essential. First, it is important to note that the wheel surface must be thoroughly cleaned [...]","protected":false},"author":1,"featured_media":0,"parent":0,"menu_order":0,"comment_status":"open","ping_status":"open","template":"","meta":{"om_disable_all_campaigns":false,"footnotes":""},"class_list":["post-2522","page","type-page","status-publish","hentry"],"_links":{"self":[{"href":"https:\/\/jlwheels-manufacturer.com\/is\/wp-json\/wp\/v2\/pages\/2522","targetHints":{"allow":["GET"]}}],"collection":[{"href":"https:\/\/jlwheels-manufacturer.com\/is\/wp-json\/wp\/v2\/pages"}],"about":[{"href":"https:\/\/jlwheels-manufacturer.com\/is\/wp-json\/wp\/v2\/types\/page"}],"author":[{"embeddable":true,"href":"https:\/\/jlwheels-manufacturer.com\/is\/wp-json\/wp\/v2\/users\/1"}],"replies":[{"embeddable":true,"href":"https:\/\/jlwheels-manufacturer.com\/is\/wp-json\/wp\/v2\/comments?post=2522"}],"version-history":[{"count":0,"href":"https:\/\/jlwheels-manufacturer.com\/is\/wp-json\/wp\/v2\/pages\/2522\/revisions"}],"wp:attachment":[{"href":"https:\/\/jlwheels-manufacturer.com\/is\/wp-json\/wp\/v2\/media?parent=2522"}],"curies":[{"name":"wp","href":"https:\/\/api.w.org\/{rel}","templated":true}]}}