{"id":3183,"date":"2021-11-16T01:59:23","date_gmt":"2021-11-16T01:59:23","guid":{"rendered":"https:\/\/jlwheels-manufacturer.com\/?page_id=3183"},"modified":"2021-11-16T01:59:23","modified_gmt":"2021-11-16T01:59:23","slug":"politica-di-restituzione","status":"publish","type":"page","link":"https:\/\/jlwheels-manufacturer.com\/it\/politica-di-restituzione\/","title":{"rendered":"Politica di restituzione"},"content":{"rendered":"<p>Abbiamo una politica di restituzione di 30 giorni, il che significa che avete 30 giorni di tempo dopo aver ricevuto l'articolo per richiedere una restituzione.<\/p>\n<p>Per poter effettuare un reso, l'articolo deve essere nelle stesse condizioni in cui \u00e8 stato ricevuto, non indossato o non utilizzato, con i cartellini e nella confezione originale. \u00c8 inoltre necessaria la ricevuta o la prova d'acquisto.<\/p>\n<p>Per avviare un reso, potete contattarci all'indirizzo sales@jlwheels-manufacturer.com . Se il reso viene accettato, vi invieremo un'etichetta per la spedizione del reso e le istruzioni su come e dove spedire il pacco. Gli articoli rispediti a noi senza aver prima richiesto un reso non saranno accettati.<\/p>\n<p>Canager pagher\u00e0 le spese di spedizione del reso e dopo aver ricevuto l'articolo restituito, in 2-7 giorni lavorativi procederemo al rimborso.<\/p>\n<p>Potete sempre contattarci per qualsiasi domanda di restituzione all'indirizzo sales@jlwheels-manufacturer.com.<\/p>\n<p>Danni e problemi<br \/>\nSi prega di ispezionare l'ordine al momento della ricezione e di contattarci immediatamente se l'articolo \u00e8 difettoso, danneggiato o se si riceve l'articolo sbagliato, in modo da poter valutare il problema e porvi rimedio.<\/p>\n<p>Eccezioni \/ articoli non restituibili<br \/>\nAlcuni tipi di articoli non possono essere restituiti, come i prodotti deperibili (come alimenti, fiori o piante), i prodotti personalizzati (come ordini speciali o articoli personalizzati) e i prodotti per la cura della persona (come i prodotti di bellezza). Non accettiamo inoltre resi di materiali pericolosi, liquidi infiammabili o gas. Contattateci se avete domande o dubbi su un articolo specifico.<\/p>\n<p>Purtroppo non possiamo accettare resi su articoli in saldo o carte regalo.<\/p>\n<p>Scambi<br \/>\nIl modo pi\u00f9 rapido per assicurarsi di ottenere ci\u00f2 che si desidera \u00e8 quello di restituire l'articolo in possesso e, una volta accettato il reso, effettuare un acquisto separato per il nuovo articolo.<\/p>\n<p>Rimborsi<br \/>\nUna volta ricevuto e ispezionato il reso, vi informeremo se il rimborso \u00e8 stato approvato o meno. Se approvato, il rimborso verr\u00e0 effettuato automaticamente con il metodo di pagamento originale. Ricorda che pu\u00f2 essere necessario un po' di tempo prima che la banca o la societ\u00e0 emittente della carta di credito elabori e pubblichi il rimborso.<\/p>","protected":false},"excerpt":{"rendered":"<p>We have a 30-day return policy, which means you have 30 days after receiving your item to request a return. To be eligible for a return, your item must be in the same condition that you received it, unworn or unused, with tags, and in its original packaging. You\u2019ll also need the receipt or proof [&hellip;]<\/p>","protected":false},"author":1,"featured_media":0,"parent":0,"menu_order":0,"comment_status":"closed","ping_status":"closed","template":"","meta":{"om_disable_all_campaigns":false,"footnotes":""},"class_list":["post-3183","page","type-page","status-publish","hentry"],"_links":{"self":[{"href":"https:\/\/jlwheels-manufacturer.com\/it\/wp-json\/wp\/v2\/pages\/3183","targetHints":{"allow":["GET"]}}],"collection":[{"href":"https:\/\/jlwheels-manufacturer.com\/it\/wp-json\/wp\/v2\/pages"}],"about":[{"href":"https:\/\/jlwheels-manufacturer.com\/it\/wp-json\/wp\/v2\/types\/page"}],"author":[{"embeddable":true,"href":"https:\/\/jlwheels-manufacturer.com\/it\/wp-json\/wp\/v2\/users\/1"}],"replies":[{"embeddable":true,"href":"https:\/\/jlwheels-manufacturer.com\/it\/wp-json\/wp\/v2\/comments?post=3183"}],"version-history":[{"count":1,"href":"https:\/\/jlwheels-manufacturer.com\/it\/wp-json\/wp\/v2\/pages\/3183\/revisions"}],"predecessor-version":[{"id":3184,"href":"https:\/\/jlwheels-manufacturer.com\/it\/wp-json\/wp\/v2\/pages\/3183\/revisions\/3184"}],"wp:attachment":[{"href":"https:\/\/jlwheels-manufacturer.com\/it\/wp-json\/wp\/v2\/media?parent=3183"}],"curies":[{"name":"wp","href":"https:\/\/api.w.org\/{rel}","templated":true}]}}