{"id":3183,"date":"2021-11-16T01:59:23","date_gmt":"2021-11-16T01:59:23","guid":{"rendered":"https:\/\/jlwheels-manufacturer.com\/?page_id=3183"},"modified":"2021-11-16T01:59:23","modified_gmt":"2021-11-16T01:59:23","slug":"politica-de-devolucao","status":"publish","type":"page","link":"https:\/\/jlwheels-manufacturer.com\/pt_ao\/politica-de-devolucao\/","title":{"rendered":"Pol\u00edtica de devolu\u00e7\u00e3o"},"content":{"rendered":"<p>Temos uma pol\u00edtica de devolu\u00e7\u00e3o de 30 dias, o que significa que tem 30 dias ap\u00f3s a rece\u00e7\u00e3o do artigo para solicitar uma devolu\u00e7\u00e3o.<\/p>\n<p>Para ser eleg\u00edvel para uma devolu\u00e7\u00e3o, o artigo deve estar nas mesmas condi\u00e7\u00f5es em que o recebeu, sem ter sido usado ou usado, com etiquetas e na embalagem original. Tamb\u00e9m \u00e9 necess\u00e1rio o recibo ou o comprovativo de compra.<\/p>\n<p>Para iniciar uma devolu\u00e7\u00e3o, pode contactar-nos em sales@jlwheels-manufacturer.com . Se a sua devolu\u00e7\u00e3o for aceite, enviar-lhe-emos uma etiqueta de devolu\u00e7\u00e3o, bem como instru\u00e7\u00f5es sobre como e para onde enviar a sua encomenda. Os artigos que nos forem devolvidos sem um pedido pr\u00e9vio de devolu\u00e7\u00e3o n\u00e3o ser\u00e3o aceites.<\/p>\n<p>A Canager pagar\u00e1 os custos de devolu\u00e7\u00e3o e, ap\u00f3s a rece\u00e7\u00e3o do artigo devolvido, procederemos ao reembolso no prazo de 2 a 7 dias \u00fateis.<\/p>\n<p>Pode sempre contactar-nos para qualquer quest\u00e3o relativa \u00e0 devolu\u00e7\u00e3o em sales@jlwheels-manufacturer.com.<\/p>\n<p>Danos e quest\u00f5es<br \/>\nPor favor, inspeccione a sua encomenda ap\u00f3s a rece\u00e7\u00e3o e contacte-nos imediatamente se o artigo estiver defeituoso, danificado ou se receber o artigo errado, para que possamos avaliar a quest\u00e3o e resolver o problema.<\/p>\n<p>Excep\u00e7\u00f5es \/ artigos n\u00e3o recuper\u00e1veis<br \/>\nAlguns tipos de artigos n\u00e3o podem ser devolvidos, como produtos perec\u00edveis (como alimentos, flores ou plantas), produtos personalizados (como encomendas especiais ou artigos personalizados) e artigos de cuidados pessoais (como produtos de beleza). Tamb\u00e9m n\u00e3o aceitamos devolu\u00e7\u00f5es de materiais perigosos, l\u00edquidos inflam\u00e1veis ou gases. Entre em contacto connosco se tiver d\u00favidas ou preocupa\u00e7\u00f5es sobre o seu artigo espec\u00edfico.<\/p>\n<p>Infelizmente, n\u00e3o podemos aceitar devolu\u00e7\u00f5es de artigos em promo\u00e7\u00e3o ou cart\u00f5es de oferta.<\/p>\n<p>Trocas<br \/>\nA forma mais r\u00e1pida de garantir que obt\u00e9m o que pretende \u00e9 devolver o artigo que tem e, assim que a devolu\u00e7\u00e3o for aceite, fazer uma compra separada para o novo artigo.<\/p>\n<p>Reembolsos<br \/>\nIremos notific\u00e1-lo assim que recebermos e inspeccionarmos a sua devolu\u00e7\u00e3o e inform\u00e1-lo-emos se o reembolso foi aprovado ou n\u00e3o. Se for aprovado, o reembolso ser\u00e1 efectuado automaticamente atrav\u00e9s do seu m\u00e9todo de pagamento original. Lembre-se de que pode demorar algum tempo at\u00e9 que o seu banco ou empresa de cart\u00e3o de cr\u00e9dito processe e publique o reembolso.<\/p>","protected":false},"excerpt":{"rendered":"<p>We have a 30-day return policy, which means you have 30 days after receiving your item to request a return. To be eligible for a return, your item must be in the same condition that you received it, unworn or unused, with tags, and in its original packaging. You\u2019ll also need the receipt or proof [&hellip;]<\/p>","protected":false},"author":1,"featured_media":0,"parent":0,"menu_order":0,"comment_status":"closed","ping_status":"closed","template":"","meta":{"om_disable_all_campaigns":false,"footnotes":""},"class_list":["post-3183","page","type-page","status-publish","hentry"],"_links":{"self":[{"href":"https:\/\/jlwheels-manufacturer.com\/pt_ao\/wp-json\/wp\/v2\/pages\/3183","targetHints":{"allow":["GET"]}}],"collection":[{"href":"https:\/\/jlwheels-manufacturer.com\/pt_ao\/wp-json\/wp\/v2\/pages"}],"about":[{"href":"https:\/\/jlwheels-manufacturer.com\/pt_ao\/wp-json\/wp\/v2\/types\/page"}],"author":[{"embeddable":true,"href":"https:\/\/jlwheels-manufacturer.com\/pt_ao\/wp-json\/wp\/v2\/users\/1"}],"replies":[{"embeddable":true,"href":"https:\/\/jlwheels-manufacturer.com\/pt_ao\/wp-json\/wp\/v2\/comments?post=3183"}],"version-history":[{"count":1,"href":"https:\/\/jlwheels-manufacturer.com\/pt_ao\/wp-json\/wp\/v2\/pages\/3183\/revisions"}],"predecessor-version":[{"id":3184,"href":"https:\/\/jlwheels-manufacturer.com\/pt_ao\/wp-json\/wp\/v2\/pages\/3183\/revisions\/3184"}],"wp:attachment":[{"href":"https:\/\/jlwheels-manufacturer.com\/pt_ao\/wp-json\/wp\/v2\/media?parent=3183"}],"curies":[{"name":"wp","href":"https:\/\/api.w.org\/{rel}","templated":true}]}}