{"id":2576,"date":"2015-02-22T01:24:55","date_gmt":"2015-02-22T01:24:55","guid":{"rendered":"http:\/\/rttheme19.rtthemes.com\/?page_id=2576"},"modified":"2025-11-02T14:47:56","modified_gmt":"2025-11-02T14:47:56","slug":"ekipi-yne","status":"publish","type":"page","link":"https:\/\/jlwheels-manufacturer.com\/sq\/ekipi-yne\/","title":{"rendered":"Ekipi yn\u00eb i JLwheels"},"content":{"rendered":"<div class=\"wpb-content-wrapper\"><div  class=\"content_row row vc_row wpb_row  default-style default\" >\n\t\n\t<div class=\"content_row_wrapper\" >\n\t<div class=\"vc_col-sm-12 wpb_column vc_column_container\">\n\t\t<div class=\"wpb_wrapper\">\n\t\t\t\n\t<div class=\"wpb_text_column wpb_content_element\" >\n\t\t<div class=\"wpb_wrapper\">\n\t\t\t<p><span style=\"font-size: 14pt;\">Ekipi yn\u00eb i prodhimit t\u00eb rrotave t\u00eb forcuara njihet p\u00ebr efikasitetin e jasht\u00ebzakonsh\u00ebm, p\u00ebrkushtimin dhe ekspertiz\u00ebn. \u00c7do an\u00ebtar i ekipit ton\u00eb \u00ebsht\u00eb shum\u00eb i kualifikuar dhe i p\u00ebrkushtuar p\u00ebr t\u00eb arritur rezultatet m\u00eb t\u00eb mira, pavar\u00ebsisht sa sfidues t\u00eb jet\u00eb detyra. Ne e kuptojm\u00eb q\u00eb koha \u00ebsht\u00eb e \u00e7muar, prandaj punojm\u00eb s\u00eb bashku pa nd\u00ebrprerje p\u00ebr t'u siguruar q\u00eb \u00e7do porosi t\u00eb p\u00ebrfundoj\u00eb n\u00eb koh\u00eb pa kompromentuar cil\u00ebsin\u00eb.<\/span><\/p>\n<p><span style=\"font-size: 14pt;\">Pun\u00ebtor\u00ebt tan\u00eb jan\u00eb pun\u00ebtor\u00eb dhe rezilient\u00eb, shpesh duke b\u00ebr\u00eb p\u00ebrpjekje shtes\u00eb p\u00ebr t\u00eb zgjidhur problemet dhe p\u00ebr t\u00eb p\u00ebrmir\u00ebsuar proceset tona. P\u00ebrvoja e tyre praktike dhe njohurit\u00eb teknike u mund\u00ebsojn\u00eb atyre t\u00eb p\u00ebrballojn\u00eb edhe detyrat m\u00eb komplekse t\u00eb forxhimit me besim dhe sakt\u00ebsi. Ata i kushtojn\u00eb v\u00ebmendje t\u00eb madhe \u00e7do detaji, nga p\u00ebrzgjedhja e l\u00ebnd\u00ebve t\u00eb para t\u00eb duhura deri te inspektimi i produktit p\u00ebrfundimtar, duke siguruar q\u00eb \u00e7do rrot\u00eb e forxhuar t\u00eb p\u00ebrmbush\u00eb standardet m\u00eb t\u00eb larta t\u00eb industris\u00eb.<\/span><\/p>\n<p><span style=\"font-size: 14pt;\">Fal\u00eb etik\u00ebs s\u00eb palodhur t\u00eb pun\u00ebs dhe q\u00ebndrimit profesional t\u00eb ekipit ton\u00eb, rrotat tona t\u00eb forcuara me nxeht\u00ebsi g\u00ebzojn\u00eb besimin p\u00ebr forc\u00ebn, q\u00ebndrueshm\u00ebrin\u00eb dhe p\u00ebrfundimin e tyre t\u00eb p\u00ebrsosur. Ne jemi jasht\u00ebzakonisht krenar\u00eb p\u00ebr reputacionin q\u00eb kemi nd\u00ebrtuar p\u00ebr cil\u00ebsi dhe besueshm\u00ebri. Ekipi yn\u00eb jo vet\u00ebm q\u00eb \u00ebsht\u00eb i aft\u00eb dhe efikas, por edhe thell\u00ebsisht i pasionuar p\u00ebr t\u00eb ofruar produkte t\u00eb shk\u00eblqyera klient\u00ebve tan\u00eb n\u00eb mbar\u00eb bot\u00ebn.<\/span><\/p>\n\n\t\t<\/div>\n\t<\/div>\n\n\t\t<\/div>\n\t<\/div>\n\n<\/div>\n<\/div>\n\n<div  class=\"content_row row vc_row wpb_row  default-style default\" >\n\t\n\t<div class=\"content_row_wrapper\" >\n\t<div class=\"vc_col-sm-12 wpb_column vc_column_container\">\n\t\t<div class=\"wpb_wrapper\">\n\t\t\t\n\t<div  class=\"wpb_single_image wpb_content_element vc_align_left wpb_content_element\">\n\t\t\n\t\t<figure class=\"wpb_wrapper vc_figure\">\n\t\t\t<div class=\"vc_single_image-wrapper   vc_box_border_grey\"><img fetchpriority=\"high\" decoding=\"async\" width=\"1440\" height=\"1080\" src=\"https:\/\/jlwheels-manufacturer.com\/wp-content\/uploads\/2025\/11\/\u5fae\u4fe1\u56fe\u7247_20240318182326.jpg\" class=\"vc_single_image-img attachment-full\" alt=\"ekipi yn\u00eb i JLwheels\" title=\"ekipi yn\u00eb i JLwheels\" srcset=\"https:\/\/jlwheels-manufacturer.com\/wp-content\/uploads\/2025\/11\/\u5fae\u4fe1\u56fe\u7247_20240318182326.jpg 1440w, https:\/\/jlwheels-manufacturer.com\/wp-content\/uploads\/2025\/11\/\u5fae\u4fe1\u56fe\u7247_20240318182326-300x225.jpg 300w, https:\/\/jlwheels-manufacturer.com\/wp-content\/uploads\/2025\/11\/\u5fae\u4fe1\u56fe\u7247_20240318182326-1024x768.jpg 1024w, https:\/\/jlwheels-manufacturer.com\/wp-content\/uploads\/2025\/11\/\u5fae\u4fe1\u56fe\u7247_20240318182326-768x576.jpg 768w, https:\/\/jlwheels-manufacturer.com\/wp-content\/uploads\/2025\/11\/\u5fae\u4fe1\u56fe\u7247_20240318182326-16x12.jpg 16w, https:\/\/jlwheels-manufacturer.com\/wp-content\/uploads\/2025\/11\/\u5fae\u4fe1\u56fe\u7247_20240318182326-600x450.jpg 600w\" sizes=\"(max-width: 1440px) 100vw, 1440px\" \/><\/div>\n\t\t<\/figure>\n\t<\/div>\n\n\t\t<\/div>\n\t<\/div>\n\n<\/div>\n<\/div>\n<\/div>","protected":false},"excerpt":{"rendered":"Our forged wheel production team is known for its exceptional efficiency, dedication, and expertise. Each member of our team is highly skilled and committed to delivering the best results, no matter how challenging the task. We understand that time is valuable, so we work together seamlessly to ensure every order is completed on schedule without [...]","protected":false},"author":1,"featured_media":0,"parent":0,"menu_order":0,"comment_status":"open","ping_status":"open","template":"","meta":{"om_disable_all_campaigns":false,"footnotes":""},"class_list":["post-2576","page","type-page","status-publish","hentry"],"_links":{"self":[{"href":"https:\/\/jlwheels-manufacturer.com\/sq\/wp-json\/wp\/v2\/pages\/2576","targetHints":{"allow":["GET"]}}],"collection":[{"href":"https:\/\/jlwheels-manufacturer.com\/sq\/wp-json\/wp\/v2\/pages"}],"about":[{"href":"https:\/\/jlwheels-manufacturer.com\/sq\/wp-json\/wp\/v2\/types\/page"}],"author":[{"embeddable":true,"href":"https:\/\/jlwheels-manufacturer.com\/sq\/wp-json\/wp\/v2\/users\/1"}],"replies":[{"embeddable":true,"href":"https:\/\/jlwheels-manufacturer.com\/sq\/wp-json\/wp\/v2\/comments?post=2576"}],"version-history":[{"count":5,"href":"https:\/\/jlwheels-manufacturer.com\/sq\/wp-json\/wp\/v2\/pages\/2576\/revisions"}],"predecessor-version":[{"id":5660,"href":"https:\/\/jlwheels-manufacturer.com\/sq\/wp-json\/wp\/v2\/pages\/2576\/revisions\/5660"}],"wp:attachment":[{"href":"https:\/\/jlwheels-manufacturer.com\/sq\/wp-json\/wp\/v2\/media?parent=2576"}],"curies":[{"name":"wp","href":"https:\/\/api.w.org\/{rel}","templated":true}]}}